{"id":26545,"date":"2025-04-08T13:53:27","date_gmt":"2025-04-08T11:53:27","guid":{"rendered":"https:\/\/fdaydkdstg.wpenginepowered.com\/newsletter-customers\/"},"modified":"2026-03-17T15:58:08","modified_gmt":"2026-03-17T14:58:08","slug":"newsletter-customers","status":"publish","type":"page","link":"https:\/\/fday.dk\/en\/newsletter-customers\/","title":{"rendered":"Newsletter Customers"},"content":{"rendered":"\t\t<div data-elementor-type=\"wp-page\" data-elementor-id=\"26545\" class=\"elementor elementor-26545 elementor-25292\" data-elementor-post-type=\"page\">\n\t\t\t\t<div class=\"elementor-element elementor-element-3b13b020 e-flex e-con-boxed e-con e-parent\" data-id=\"3b13b020\" data-element_type=\"container\" data-e-type=\"container\" data-settings=\"{&quot;background_background&quot;:&quot;classic&quot;}\" data-midnight=\"blue\" data-midnight-logo=\"light\">\n\t\t\t\t\t<div class=\"e-con-inner\">\n\t\t<div class=\"elementor-element elementor-element-73e036eb e-con-full e-flex e-con e-child\" data-id=\"73e036eb\" data-element_type=\"container\" data-e-type=\"container\">\n\t\t\t\t<div class=\"elementor-element elementor-element-4209397f elementor-widget__width-initial elementor-align-center elementor-widget elementor-widget-lottie\" data-id=\"4209397f\" data-element_type=\"widget\" data-e-type=\"widget\" data-settings=\"{&quot;source_json&quot;:{&quot;url&quot;:&quot;https:\\\/\\\/fday.dk\\\/wp-content\\\/uploads\\\/2024\\\/06\\\/NYFINAL_wave_hand_light_blue.json&quot;,&quot;id&quot;:18520,&quot;size&quot;:&quot;&quot;,&quot;alt&quot;:&quot;&quot;,&quot;source&quot;:&quot;library&quot;},&quot;loop&quot;:&quot;yes&quot;,&quot;number_of_times&quot;:3,&quot;source&quot;:&quot;media_file&quot;,&quot;caption_source&quot;:&quot;none&quot;,&quot;link_to&quot;:&quot;none&quot;,&quot;trigger&quot;:&quot;arriving_to_viewport&quot;,&quot;viewport&quot;:{&quot;unit&quot;:&quot;%&quot;,&quot;size&quot;:&quot;&quot;,&quot;sizes&quot;:{&quot;start&quot;:0,&quot;end&quot;:100}},&quot;play_speed&quot;:{&quot;unit&quot;:&quot;px&quot;,&quot;size&quot;:1,&quot;sizes&quot;:[]},&quot;start_point&quot;:{&quot;unit&quot;:&quot;%&quot;,&quot;size&quot;:0,&quot;sizes&quot;:[]},&quot;end_point&quot;:{&quot;unit&quot;:&quot;%&quot;,&quot;size&quot;:100,&quot;sizes&quot;:[]},&quot;renderer&quot;:&quot;svg&quot;}\" data-widget_type=\"lottie.default\">\n\t\t\t\t<div class=\"elementor-widget-container\">\n\t\t\t\t\t<div class=\"e-lottie__container\"><div class=\"e-lottie__animation\"><\/div><\/div>\t\t\t\t<\/div>\n\t\t\t\t<\/div>\n\t\t\t\t<div class=\"elementor-element elementor-element-3de06e85 elementor-widget elementor-widget-heading\" data-id=\"3de06e85\" data-element_type=\"widget\" data-e-type=\"widget\" data-widget_type=\"heading.default\">\n\t\t\t\t<div class=\"elementor-widget-container\">\n\t\t\t\t\t<h6 class=\"elementor-heading-title elementor-size-default\">Survey<\/h6>\t\t\t\t<\/div>\n\t\t\t\t<\/div>\n\t\t\t\t<div class=\"elementor-element elementor-element-575df136 elementor-widget elementor-widget-heading\" data-id=\"575df136\" data-element_type=\"widget\" data-e-type=\"widget\" data-widget_type=\"heading.default\">\n\t\t\t\t<div class=\"elementor-widget-container\">\n\t\t\t\t\t<h1 class=\"elementor-heading-title elementor-size-default\">Thank you for being here \u2013 we would like to hear your opinion<\/h1>\t\t\t\t<\/div>\n\t\t\t\t<\/div>\n\t\t\t\t<\/div>\n\t\t\t\t\t<\/div>\n\t\t\t\t<\/div>\n\t\t<div class=\"elementor-element elementor-element-efdcc1b e-flex e-con-boxed e-con e-parent\" data-id=\"efdcc1b\" data-element_type=\"container\" data-e-type=\"container\" data-settings=\"{&quot;background_background&quot;:&quot;classic&quot;}\" data-color=\"white\">\n\t\t\t\t\t<div class=\"e-con-inner\">\n\t\t<div class=\"elementor-element elementor-element-51a9a85 e-con-full e-flex e-con e-child\" data-id=\"51a9a85\" data-element_type=\"container\" data-e-type=\"container\" data-settings=\"{&quot;background_background&quot;:&quot;classic&quot;}\" data-color=\"white\">\n\t\t\t\t<div class=\"elementor-element elementor-element-63bc6e2 elementor-widget elementor-widget-text-editor\" data-id=\"63bc6e2\" data-element_type=\"widget\" data-e-type=\"widget\" data-widget_type=\"text-editor.default\">\n\t\t\t\t<div class=\"elementor-widget-container\">\n\t\t\t\t\t\t\t\t\t<p>As mentioned in the email you have received from us, we would very much like to invite you to share your experience of working with us. <strong>The survey only takes a couple of minutes<\/strong> and consists of four short questions.<\/p><p>All we need now is your consent to send you the questionnaire. Please complete the form below \u2013 and thank you very much for taking part. <\/p>\t\t\t\t\t\t\t\t<\/div>\n\t\t\t\t<\/div>\n\t\t\t\t<div class=\"elementor-element elementor-element-e179483 elementor-widget elementor-widget-shortcode\" data-id=\"e179483\" data-element_type=\"widget\" data-e-type=\"widget\" data-widget_type=\"shortcode.default\">\n\t\t\t\t<div class=\"elementor-widget-container\">\n\t\t\t\t\t\t\t<div class=\"elementor-shortcode\">  \n  \n  <div class=\"\n    mailpoet_form_popup_overlay\n      \"><\/div>\n  <div\n    id=\"mailpoet_form_7\"\n    class=\"\n      mailpoet_form\n      mailpoet_form_shortcode\n      mailpoet_form_position_\n      mailpoet_form_animation_\n    \"\n      >\n\n    <style type=\"text\/css\">\n     #mailpoet_form_7 .mailpoet_form {  }\n#mailpoet_form_7 form { margin-bottom: 0; }\n#mailpoet_form_7 p.mailpoet_form_paragraph { margin-bottom: 10px; }\n#mailpoet_form_7 .mailpoet_column_with_background { padding: 10px; }\n#mailpoet_form_7 .mailpoet_form_column:not(:first-child) { margin-left: 20px; }\n#mailpoet_form_7 .mailpoet_paragraph { line-height: 20px; margin-bottom: 20px; }\n#mailpoet_form_7 .mailpoet_segment_label, #mailpoet_form_7 .mailpoet_text_label, #mailpoet_form_7 .mailpoet_textarea_label, #mailpoet_form_7 .mailpoet_select_label, #mailpoet_form_7 .mailpoet_radio_label, #mailpoet_form_7 .mailpoet_checkbox_label, #mailpoet_form_7 .mailpoet_list_label, #mailpoet_form_7 .mailpoet_date_label { display: block; font-weight: normal; }\n#mailpoet_form_7 .mailpoet_text, #mailpoet_form_7 .mailpoet_textarea, #mailpoet_form_7 .mailpoet_select, #mailpoet_form_7 .mailpoet_date_month, #mailpoet_form_7 .mailpoet_date_day, #mailpoet_form_7 .mailpoet_date_year, #mailpoet_form_7 .mailpoet_date { display: block; }\n#mailpoet_form_7 .mailpoet_text, #mailpoet_form_7 .mailpoet_textarea { width: 200px; }\n#mailpoet_form_7 .mailpoet_checkbox {  }\n#mailpoet_form_7 .mailpoet_submit {  }\n#mailpoet_form_7 .mailpoet_divider {  }\n#mailpoet_form_7 .mailpoet_message {  }\n#mailpoet_form_7 .mailpoet_form_loading { width: 30px; text-align: center; line-height: normal; }\n#mailpoet_form_7 .mailpoet_form_loading > span { width: 5px; height: 5px; background-color: #5b5b5b; }#mailpoet_form_7{border-radius: 0px;text-align: left;}#mailpoet_form_7 form.mailpoet_form {padding: 0px;}#mailpoet_form_7{width: 100%;}#mailpoet_form_7 .mailpoet_message {margin: 0; padding: 0 20px;}\n        #mailpoet_form_7 .mailpoet_validate_success {color: #000000}\n        #mailpoet_form_7 input.parsley-success {color: #000000}\n        #mailpoet_form_7 select.parsley-success {color: #000000}\n        #mailpoet_form_7 textarea.parsley-success {color: #000000}\n      \n        #mailpoet_form_7 .mailpoet_validate_error {color: #cf2e2e}\n        #mailpoet_form_7 input.parsley-error {color: #cf2e2e}\n        #mailpoet_form_7 select.parsley-error {color: #cf2e2e}\n        #mailpoet_form_7 textarea.textarea.parsley-error {color: #cf2e2e}\n        #mailpoet_form_7 .parsley-errors-list {color: #cf2e2e}\n        #mailpoet_form_7 .parsley-required {color: #cf2e2e}\n        #mailpoet_form_7 .parsley-custom-error-message {color: #cf2e2e}\n      #mailpoet_form_7 .mailpoet_paragraph.last {margin-bottom: 0} @media (max-width: 500px) {#mailpoet_form_7 {background-image: none;}} @media (min-width: 500px) {#mailpoet_form_7 .last .mailpoet_paragraph:last-child {margin-bottom: 0}}  @media (max-width: 500px) {#mailpoet_form_7 .mailpoet_form_column:last-child .mailpoet_paragraph:last-child {margin-bottom: 0}} \n    <\/style>\n\n    <form\n      target=\"_self\"\n      method=\"post\"\n      action=\"https:\/\/fday.dk\/wp-admin\/admin-post.php?action=mailpoet_subscription_form\"\n      class=\"mailpoet_form mailpoet_form_form mailpoet_form_shortcode\"\n      novalidate\n      data-delay=\"\"\n      data-exit-intent-enabled=\"\"\n      data-trigger-mode=\"\"\n      data-click-trigger-selector=\"\"\n      data-font-family=\"\"\n      data-cookie-expiration-time=\"\"\n    >\n      <input type=\"hidden\" name=\"data[form_id]\" value=\"7\" \/>\n      <input type=\"hidden\" name=\"token\" value=\"65f0eb05fb\" \/>\n      <input type=\"hidden\" name=\"api_version\" value=\"v1\" \/>\n      <input type=\"hidden\" name=\"endpoint\" value=\"subscribers\" \/>\n      <input type=\"hidden\" name=\"mailpoet_method\" value=\"subscribe\" \/>\n\n      <label class=\"mailpoet_hp_email_label\" style=\"display: none !important;\">Please leave this field empty<input type=\"email\" name=\"data[email]\"\/><\/label><div class='mailpoet_spacer' style='height: 10px;'><\/div>\n<div class=\"mailpoet_paragraph \"><input type=\"text\" autocomplete=\"given-name\" class=\"mailpoet_text\" id=\"form_first_name_7\" name=\"data[form_field_NjA1ZjZjYmFmNTA1X2ZpcnN0X25hbWU=]\" title=\"Fornavn\" value=\"\" style=\"width:100%;box-sizing:border-box;background-color:#ffffff;border-style:solid;border-radius:4px !important;border-width:0px;border-color:#313131;padding:15px;margin: 0 auto 0 0;font-family:&#039;Montserrat&#039;;font-size:15px;line-height:1.5;height:auto;\" data-automation-id=\"form_first_name\"  placeholder=\"Fornavn *\" aria-label=\"Fornavn *\" data-parsley-errors-container=\".mailpoet_error_qcsi6\" data-parsley-names='[&quot;Please specify a valid name.&quot;,&quot;Addresses in names are not permitted, please add your name instead.&quot;]' data-parsley-required=\"true\" required aria-required=\"true\" data-parsley-required-message=\"This field is required.\"\/><span class=\"mailpoet_error_qcsi6\"><\/span><\/div>\n<div class=\"mailpoet_paragraph \"><input type=\"text\" autocomplete=\"family-name\" class=\"mailpoet_text\" id=\"form_last_name_7\" name=\"data[form_field_ZWUzZTExNGE4ODIwX2xhc3RfbmFtZQ==]\" title=\"Efternavn\" value=\"\" style=\"width:100%;box-sizing:border-box;background-color:#ffffff;border-style:solid;border-radius:4px !important;border-width:0px;border-color:#313131;padding:15px;margin: 0 auto 0 0;font-family:&#039;Montserrat&#039;;font-size:15px;line-height:1.5;height:auto;\" data-automation-id=\"form_last_name\"  placeholder=\"Efternavn *\" aria-label=\"Efternavn *\" data-parsley-errors-container=\".mailpoet_error_1tfyu\" data-parsley-names='[&quot;Please specify a valid name.&quot;,&quot;Addresses in names are not permitted, please add your name instead.&quot;]' data-parsley-required=\"true\" required aria-required=\"true\" data-parsley-required-message=\"This field is required.\"\/><span class=\"mailpoet_error_1tfyu\"><\/span><\/div>\n<div class=\"mailpoet_paragraph \"><input type=\"text\" autocomplete=\"on\" class=\"mailpoet_text\" id=\"form_1_7\" name=\"data[cf_1]\" title=\"Virksomhed\" value=\"\" style=\"width:100%;box-sizing:border-box;background-color:#ffffff;border-style:solid;border-radius:4px !important;border-width:0px;border-color:#313131;padding:15px;margin: 0 auto 0 0;font-family:&#039;Montserrat&#039;;font-size:15px;line-height:1.5;height:auto;\"   placeholder=\"Virksomhed\" aria-label=\"Virksomhed\" data-parsley-errors-container=\".mailpoet_error_1shaf\"\/><span class=\"mailpoet_error_1shaf\"><\/span><\/div>\n<div class=\"mailpoet_paragraph \"><input type=\"email\" autocomplete=\"email\" class=\"mailpoet_text\" id=\"form_email_7\" name=\"data[form_field_N2U4ZTllMzg1ZGQ2X2VtYWls]\" title=\"E-mail adresse\" value=\"\" style=\"width:100%;box-sizing:border-box;background-color:#ffffff;border-style:solid;border-radius:4px !important;border-width:0px;border-color:#313131;padding:15px;margin: 0 auto 0 0;font-family:&#039;Montserrat&#039;;font-size:15px;line-height:1.5;height:auto;\" data-automation-id=\"form_email\"  placeholder=\"E-mail adresse *\" aria-label=\"E-mail adresse *\" data-parsley-errors-container=\".mailpoet_error_kbsch\" data-parsley-required=\"true\" required aria-required=\"true\" data-parsley-minlength=\"6\" data-parsley-maxlength=\"150\" data-parsley-type-message=\"This value should be a valid email.\" data-parsley-required-message=\"This field is required.\"\/><span class=\"mailpoet_error_kbsch\"><\/span><\/div>\n<div class=\"mailpoet_paragraph \"><fieldset><input type=\"hidden\" value=\"0\"  name=\"data[cf_3]\" \/><label class=\"mailpoet_checkbox_label\" for=\"mailpoet_checkbox_1\" style=\"font-size: 15px;line-height: 1.2;\"><input type=\"checkbox\" class=\"mailpoet_checkbox\" id=\"mailpoet_checkbox_1\" name=\"data[cf_3]\" value=\"1\" data-parsley-errors-container=\".mailpoet_error_1hl44\" data-parsley-group=\"custom_field_3\" \/> Ja tak, jeg vil gerne deltage i tilfredshedsunders\u00f8gelsen og giver hermed samtykke til, at I m\u00e5 sende mig sp\u00f8rgeskemaet.<\/label><\/fieldset><span class=\"mailpoet_error_1hl44\"><\/span><\/div>\n<div class=\"mailpoet_paragraph \"><fieldset><input type=\"hidden\" value=\"0\"  name=\"data[cf_2]\" \/><label class=\"mailpoet_checkbox_label\" for=\"mailpoet_checkbox_2\" style=\"font-size: 15px;line-height: 1.2;\"><input type=\"checkbox\" class=\"mailpoet_checkbox\" id=\"mailpoet_checkbox_2\" name=\"data[cf_2]\" value=\"1\" data-parsley-errors-container=\".mailpoet_error_1raeo\" data-parsley-group=\"custom_field_2\" \/> Ja tak, jeg vil gerne modtage nyheder, invitationer og andet relevant materiale fra jer fremover.<\/label><\/fieldset><span class=\"mailpoet_error_1raeo\"><\/span><\/div>\n<div class=\"mailpoet_recaptcha\" data-sitekey=\"6LcqlyErAAAAAGV_TaMMz3wl4QWDcMyqvHPbCqgx\" data-size=\"invisible\">\n      <div class=\"mailpoet_recaptcha_container\"><\/div>\n      <noscript>\n        <div>\n          <div class=\"mailpoet_recaptcha_noscript_container\">\n            <div>\n              <iframe src=\"https:\/\/www.google.com\/recaptcha\/api\/fallback?k=6LcqlyErAAAAAGV_TaMMz3wl4QWDcMyqvHPbCqgx\" frameborder=\"0\" scrolling=\"no\">\n              <\/iframe>\n            <\/div>\n          <\/div>\n          <div class=\"mailpoet_recaptcha_noscript_input\">\n            <textarea id=\"g-recaptcha-response\" name=\"data[recaptcha]\" class=\"g-recaptcha-response\">\n            <\/textarea>\n          <\/div>\n        <\/div>\n      <\/noscript>\n      <input class=\"mailpoet_recaptcha_field\" type=\"hidden\" name=\"recaptchaWidgetId\">\n    <\/div><div class=\"mailpoet_paragraph \"><input type=\"submit\" class=\"mailpoet_submit\" value=\"TILMELD!\" data-automation-id=\"subscribe-submit-button\" data-font-family='Montserrat' style=\"width:100%;box-sizing:border-box;background-color:#043362;border-style:solid;border-radius:4px !important;border-width:1px;border-color:#043362;padding:15px;margin: 0 auto 0 0;font-family:&#039;Montserrat&#039;;font-size:15px;line-height:1.5;height:auto;color:#ffffff;\" \/><span class=\"mailpoet_form_loading\"><span class=\"mailpoet_bounce1\"><\/span><span class=\"mailpoet_bounce2\"><\/span><span class=\"mailpoet_bounce3\"><\/span><\/span><\/div>\n\n      <div class=\"mailpoet_message\">\n        <p class=\"mailpoet_validate_success\"\n                style=\"display:none;\"\n                >Tak for din tilmelding! Tjek din indbakke eller spam-mappe for at bekr\u00e6fte dit abonnement.\n        <\/p>\n        <p class=\"mailpoet_validate_error\"\n                style=\"display:none;\"\n                >        <\/p>\n      <\/div>\n    <\/form>\n\n      <\/div>\n\n  <\/div>\n\t\t\t\t\t\t<\/div>\n\t\t\t\t<\/div>\n\t\t\t\t<div class=\"elementor-element elementor-element-6c7940c elementor-widget elementor-widget-text-editor\" data-id=\"6c7940c\" data-element_type=\"widget\" data-e-type=\"widget\" data-widget_type=\"text-editor.default\">\n\t\t\t\t<div class=\"elementor-widget-container\">\n\t\t\t\t\t\t\t\t\t<p>The information you provide here will be used solely for the purposes you have consented to. We do not share your information with third parties without your consent. You may withdraw your consent at any time by contacting us at post@fday.dk, or by clicking &#8220;unsubscribe&#8221; in our emails. Read our <a style=\"text-decoration: underline;\" href=\"https:\/\/fday.dk\/privatlivspolitik\/\" target=\"_blank\" rel=\"noopener\">privacy policy<\/a> for more information.   <\/p>\t\t\t\t\t\t\t\t<\/div>\n\t\t\t\t<\/div>\n\t\t\t\t<\/div>\n\t\t\t\t\t<\/div>\n\t\t\t\t<\/div>\n\t\t\t\t<\/div>\n\t\t","protected":false},"excerpt":{"rendered":"<p>Survey Thank you for being here \u2013 we would like to hear your opinion As mentioned in the email you have received from us, we would very much like to invite you to share your experience of working with us. The survey only takes a couple of minutes and consists of four short questions. All [&hellip;]<\/p>\n","protected":false},"author":2,"featured_media":0,"parent":0,"menu_order":0,"comment_status":"closed","ping_status":"closed","template":"","meta":{"_acf_changed":false,"inline_featured_image":false,"footnotes":""},"page-cats":[],"class_list":["post-26545","page","type-page","status-publish","hentry"],"acf":[],"yoast_head":"<!-- This site is optimized with the Yoast SEO plugin v27.5 - https:\/\/yoast.com\/product\/yoast-seo-wordpress\/ -->\n<title>Newsletter Customers - FRIDAY P\/S<\/title>\n<meta name=\"robots\" content=\"index, follow, max-snippet:-1, max-image-preview:large, max-video-preview:-1\" \/>\n<link rel=\"canonical\" href=\"https:\/\/fday.dk\/en\/newsletter-customers\/\" \/>\n<meta property=\"og:locale\" content=\"en_US\" \/>\n<meta property=\"og:type\" content=\"article\" \/>\n<meta property=\"og:title\" content=\"Newsletter Customers - FRIDAY P\/S\" \/>\n<meta property=\"og:description\" content=\"Survey Thank you for being here \u2013 we would like to hear your opinion As mentioned in the email you have received from us, we would very much like to invite you to share your experience of working with us. The survey only takes a couple of minutes and consists of four short questions. All [&hellip;]\" \/>\n<meta property=\"og:url\" content=\"https:\/\/fday.dk\/en\/newsletter-customers\/\" \/>\n<meta property=\"og:site_name\" content=\"FRIDAY P\/S\" \/>\n<meta property=\"article:modified_time\" content=\"2026-03-17T14:58:08+00:00\" \/>\n<meta name=\"twitter:card\" content=\"summary_large_image\" \/>\n<meta name=\"twitter:label1\" content=\"Est. reading time\" \/>\n\t<meta name=\"twitter:data1\" content=\"1 minute\" \/>\n<script type=\"application\/ld+json\" class=\"yoast-schema-graph\">{\"@context\":\"https:\\\/\\\/schema.org\",\"@graph\":[{\"@type\":\"WebPage\",\"@id\":\"https:\\\/\\\/fday.dk\\\/en\\\/newsletter-customers\\\/\",\"url\":\"https:\\\/\\\/fday.dk\\\/en\\\/newsletter-customers\\\/\",\"name\":\"Newsletter Customers - FRIDAY P\\\/S\",\"isPartOf\":{\"@id\":\"https:\\\/\\\/fday.dk\\\/en\\\/#website\"},\"datePublished\":\"2025-04-08T11:53:27+00:00\",\"dateModified\":\"2026-03-17T14:58:08+00:00\",\"breadcrumb\":{\"@id\":\"https:\\\/\\\/fday.dk\\\/en\\\/newsletter-customers\\\/#breadcrumb\"},\"inLanguage\":\"en-US\",\"potentialAction\":[{\"@type\":\"ReadAction\",\"target\":[\"https:\\\/\\\/fday.dk\\\/en\\\/newsletter-customers\\\/\"]}]},{\"@type\":\"BreadcrumbList\",\"@id\":\"https:\\\/\\\/fday.dk\\\/en\\\/newsletter-customers\\\/#breadcrumb\",\"itemListElement\":[{\"@type\":\"ListItem\",\"position\":1,\"name\":\"Home\",\"item\":\"https:\\\/\\\/fday.dk\\\/en\\\/home\\\/\"},{\"@type\":\"ListItem\",\"position\":2,\"name\":\"Newsletter Customers\"}]},{\"@type\":\"WebSite\",\"@id\":\"https:\\\/\\\/fday.dk\\\/en\\\/#website\",\"url\":\"https:\\\/\\\/fday.dk\\\/en\\\/\",\"name\":\"FRIDAY P\\\/S\",\"description\":\"Vi er betroede r\u00e5dgivere for virksomheder og organisationer.\",\"publisher\":{\"@id\":\"https:\\\/\\\/fday.dk\\\/en\\\/#organization\"},\"potentialAction\":[{\"@type\":\"SearchAction\",\"target\":{\"@type\":\"EntryPoint\",\"urlTemplate\":\"https:\\\/\\\/fday.dk\\\/en\\\/?s={search_term_string}\"},\"query-input\":{\"@type\":\"PropertyValueSpecification\",\"valueRequired\":true,\"valueName\":\"search_term_string\"}}],\"inLanguage\":\"en-US\"},{\"@type\":\"Organization\",\"@id\":\"https:\\\/\\\/fday.dk\\\/en\\\/#organization\",\"name\":\"FRIDAY P\\\/S\",\"alternateName\":\"FRIDAY\",\"url\":\"https:\\\/\\\/fday.dk\\\/en\\\/\",\"logo\":{\"@type\":\"ImageObject\",\"inLanguage\":\"en-US\",\"@id\":\"https:\\\/\\\/fday.dk\\\/en\\\/#\\\/schema\\\/logo\\\/image\\\/\",\"url\":\"https:\\\/\\\/fday.dk\\\/wp-content\\\/uploads\\\/2023\\\/03\\\/fday-logo-red.svg\",\"contentUrl\":\"https:\\\/\\\/fday.dk\\\/wp-content\\\/uploads\\\/2023\\\/03\\\/fday-logo-red.svg\",\"width\":792,\"height\":134,\"caption\":\"FRIDAY P\\\/S\"},\"image\":{\"@id\":\"https:\\\/\\\/fday.dk\\\/en\\\/#\\\/schema\\\/logo\\\/image\\\/\"},\"sameAs\":[\"https:\\\/\\\/www.linkedin.com\\\/company\\\/friday-&-partners\\\/\"]}]}<\/script>\n<!-- \/ Yoast SEO plugin. -->","yoast_head_json":{"title":"Newsletter Customers - FRIDAY P\/S","robots":{"index":"index","follow":"follow","max-snippet":"max-snippet:-1","max-image-preview":"max-image-preview:large","max-video-preview":"max-video-preview:-1"},"canonical":"https:\/\/fday.dk\/en\/newsletter-customers\/","og_locale":"en_US","og_type":"article","og_title":"Newsletter Customers - FRIDAY P\/S","og_description":"Survey Thank you for being here \u2013 we would like to hear your opinion As mentioned in the email you have received from us, we would very much like to invite you to share your experience of working with us. The survey only takes a couple of minutes and consists of four short questions. All [&hellip;]","og_url":"https:\/\/fday.dk\/en\/newsletter-customers\/","og_site_name":"FRIDAY P\/S","article_modified_time":"2026-03-17T14:58:08+00:00","twitter_card":"summary_large_image","twitter_misc":{"Est. reading time":"1 minute"},"schema":{"@context":"https:\/\/schema.org","@graph":[{"@type":"WebPage","@id":"https:\/\/fday.dk\/en\/newsletter-customers\/","url":"https:\/\/fday.dk\/en\/newsletter-customers\/","name":"Newsletter Customers - FRIDAY P\/S","isPartOf":{"@id":"https:\/\/fday.dk\/en\/#website"},"datePublished":"2025-04-08T11:53:27+00:00","dateModified":"2026-03-17T14:58:08+00:00","breadcrumb":{"@id":"https:\/\/fday.dk\/en\/newsletter-customers\/#breadcrumb"},"inLanguage":"en-US","potentialAction":[{"@type":"ReadAction","target":["https:\/\/fday.dk\/en\/newsletter-customers\/"]}]},{"@type":"BreadcrumbList","@id":"https:\/\/fday.dk\/en\/newsletter-customers\/#breadcrumb","itemListElement":[{"@type":"ListItem","position":1,"name":"Home","item":"https:\/\/fday.dk\/en\/home\/"},{"@type":"ListItem","position":2,"name":"Newsletter Customers"}]},{"@type":"WebSite","@id":"https:\/\/fday.dk\/en\/#website","url":"https:\/\/fday.dk\/en\/","name":"FRIDAY P\/S","description":"Vi er betroede r\u00e5dgivere for virksomheder og organisationer.","publisher":{"@id":"https:\/\/fday.dk\/en\/#organization"},"potentialAction":[{"@type":"SearchAction","target":{"@type":"EntryPoint","urlTemplate":"https:\/\/fday.dk\/en\/?s={search_term_string}"},"query-input":{"@type":"PropertyValueSpecification","valueRequired":true,"valueName":"search_term_string"}}],"inLanguage":"en-US"},{"@type":"Organization","@id":"https:\/\/fday.dk\/en\/#organization","name":"FRIDAY P\/S","alternateName":"FRIDAY","url":"https:\/\/fday.dk\/en\/","logo":{"@type":"ImageObject","inLanguage":"en-US","@id":"https:\/\/fday.dk\/en\/#\/schema\/logo\/image\/","url":"https:\/\/fday.dk\/wp-content\/uploads\/2023\/03\/fday-logo-red.svg","contentUrl":"https:\/\/fday.dk\/wp-content\/uploads\/2023\/03\/fday-logo-red.svg","width":792,"height":134,"caption":"FRIDAY P\/S"},"image":{"@id":"https:\/\/fday.dk\/en\/#\/schema\/logo\/image\/"},"sameAs":["https:\/\/www.linkedin.com\/company\/friday-&-partners\/"]}]}},"publishpress_future_action":{"enabled":false,"date":"2026-05-11 10:14:22","action":"change-status","newStatus":"draft","terms":[],"taxonomy":"language","extraData":[]},"publishpress_future_workflow_manual_trigger":{"enabledWorkflows":[]},"_links":{"self":[{"href":"https:\/\/fday.dk\/en\/wp-json\/wp\/v2\/pages\/26545","targetHints":{"allow":["GET"]}}],"collection":[{"href":"https:\/\/fday.dk\/en\/wp-json\/wp\/v2\/pages"}],"about":[{"href":"https:\/\/fday.dk\/en\/wp-json\/wp\/v2\/types\/page"}],"author":[{"embeddable":true,"href":"https:\/\/fday.dk\/en\/wp-json\/wp\/v2\/users\/2"}],"replies":[{"embeddable":true,"href":"https:\/\/fday.dk\/en\/wp-json\/wp\/v2\/comments?post=26545"}],"version-history":[{"count":0,"href":"https:\/\/fday.dk\/en\/wp-json\/wp\/v2\/pages\/26545\/revisions"}],"wp:attachment":[{"href":"https:\/\/fday.dk\/en\/wp-json\/wp\/v2\/media?parent=26545"}],"wp:term":[{"taxonomy":"page-cats","embeddable":true,"href":"https:\/\/fday.dk\/en\/wp-json\/wp\/v2\/page-cats?post=26545"}],"curies":[{"name":"wp","href":"https:\/\/api.w.org\/{rel}","templated":true}]}}