{"id":27552,"date":"2026-04-23T12:24:40","date_gmt":"2026-04-23T10:24:40","guid":{"rendered":"https:\/\/fday.dk\/aeven\/"},"modified":"2026-04-24T13:42:32","modified_gmt":"2026-04-24T11:42:32","slug":"aeven","status":"publish","type":"page","link":"https:\/\/fday.dk\/en\/aeven\/","title":{"rendered":"Aeven"},"content":{"rendered":"\t\t<div data-elementor-type=\"wp-page\" data-elementor-id=\"27552\" class=\"elementor elementor-27552 elementor-27551\" data-elementor-post-type=\"page\">\n\t\t\t\t<div class=\"elementor-element elementor-element-00041bd e-flex e-con-boxed e-con e-parent\" data-id=\"00041bd\" data-element_type=\"container\" data-e-type=\"container\">\n\t\t\t\t\t<div class=\"e-con-inner\">\n\t\t\t\t<div class=\"elementor-element elementor-element-a576d8c elementor-widget elementor-widget-image\" data-id=\"a576d8c\" data-element_type=\"widget\" data-e-type=\"widget\" data-widget_type=\"image.default\">\n\t\t\t\t<div class=\"elementor-widget-container\">\n\t\t\t\t\t\t\t\t\t\t\t\t\t\t\t<img loading=\"lazy\" decoding=\"async\" loading=\"lazy\" width=\"2363\" height=\"1182\" src=\"https:\/\/fday.dk\/wp-content\/uploads\/2026\/04\/aeven-logo-Tagline_RGB_Bronze-Green.png\" class=\"attachment-full size-full wp-image-27555\" alt=\"\" srcset=\"https:\/\/fday.dk\/wp-content\/uploads\/2026\/04\/aeven-logo-Tagline_RGB_Bronze-Green.png 2363w, https:\/\/fday.dk\/wp-content\/uploads\/2026\/04\/aeven-logo-Tagline_RGB_Bronze-Green-300x150.png 300w, https:\/\/fday.dk\/wp-content\/uploads\/2026\/04\/aeven-logo-Tagline_RGB_Bronze-Green-1024x512.png 1024w, https:\/\/fday.dk\/wp-content\/uploads\/2026\/04\/aeven-logo-Tagline_RGB_Bronze-Green-768x384.png 768w, https:\/\/fday.dk\/wp-content\/uploads\/2026\/04\/aeven-logo-Tagline_RGB_Bronze-Green-1536x768.png 1536w, https:\/\/fday.dk\/wp-content\/uploads\/2026\/04\/aeven-logo-Tagline_RGB_Bronze-Green-2048x1024.png 2048w, https:\/\/fday.dk\/wp-content\/uploads\/2026\/04\/aeven-logo-Tagline_RGB_Bronze-Green-1320x660.png 1320w\" sizes=\"auto, (max-width: 2363px) 100vw, 2363px\" \/>\t\t\t\t\t\t\t\t\t\t\t\t\t\t\t<\/div>\n\t\t\t\t<\/div>\n\t\t\t\t\t<\/div>\n\t\t\t\t<\/div>\n\t\t<div class=\"elementor-element elementor-element-72a1ec4 e-flex e-con-boxed e-con e-parent\" data-id=\"72a1ec4\" data-element_type=\"container\" data-e-type=\"container\">\n\t\t\t\t\t<div class=\"e-con-inner\">\n\t\t\t\t<div class=\"elementor-element elementor-element-d0fdeed elementor-widget elementor-widget-text-editor\" data-id=\"d0fdeed\" data-element_type=\"widget\" data-e-type=\"widget\" data-widget_type=\"text-editor.default\">\n\t\t\t\t<div class=\"elementor-widget-container\">\n\t\t\t\t\t\t\t\t\tEnter the competition for a spa stay for two at Marienlyst Seafront Hotel or Vejlefjord Hotel &amp; Spa\t\t\t\t\t\t\t\t<\/div>\n\t\t\t\t<\/div>\n\t\t\t\t<div class=\"elementor-element elementor-element-7bb8b93 form-container elementor-widget elementor-widget-wpforms\" data-id=\"7bb8b93\" data-element_type=\"widget\" data-e-type=\"widget\" data-widget_type=\"wpforms.default\">\n\t\t\t\t<div class=\"elementor-widget-container\">\n\t\t\t\t\t<style id=\"wpforms-css-vars-elementor-widget-7bb8b93\">\n\t\t\t\t.elementor-widget-wpforms.elementor-element-7bb8b93 {\n\t\t\t\t--wpforms-field-background-color: #E9E8DC;\n--wpforms-button-background-color: #31495B;\n\t\t\t}\n\t\t\t<\/style><div class=\"wpforms-container wpforms-container-full wpforms-render-modern\" id=\"wpforms-27556\"><form id=\"wpforms-form-27556\" class=\"wpforms-validate wpforms-form wpforms-ajax-form\" data-formid=\"27556\" method=\"post\" enctype=\"multipart\/form-data\" action=\"\/en\/wp-json\/wp\/v2\/pages\/27552\" data-token=\"8ff60bf995ef1606bfdf25c194035634\" data-token-time=\"1777362794\"><noscript class=\"wpforms-error-noscript\">Please enable JavaScript in your browser to complete this form.<\/noscript><div id=\"wpforms-error-noscript\" style=\"display: none;\">Please enable JavaScript in your browser to complete this form.<\/div><div class=\"wpforms-field-container\"><div id=\"wpforms-27556-field_1-container\" class=\"wpforms-field wpforms-field-name\" data-field-type=\"name\" data-field-id=\"1\"><label class=\"wpforms-field-label\" for=\"wpforms-27556-field_1\">Name <span class=\"wpforms-required-label\" aria-hidden=\"true\">*<\/span><\/label><input type=\"text\" id=\"wpforms-27556-field_1\" class=\"wpforms-field-large wpforms-field-required\" name=\"wpforms[fields][1]\" aria-errormessage=\"wpforms-27556-field_1-error\" required><\/div><div id=\"wpforms-27556-field_2-container\" class=\"wpforms-field wpforms-field-email\" data-field-type=\"email\" data-field-id=\"2\"><label class=\"wpforms-field-label\" for=\"wpforms-27556-field_2\">E-mail <span class=\"wpforms-required-label\" aria-hidden=\"true\">*<\/span><\/label><input type=\"email\" id=\"wpforms-27556-field_2\" class=\"wpforms-field-large wpforms-field-required\" name=\"wpforms[fields][2]\" spellcheck=\"false\" aria-errormessage=\"wpforms-27556-field_2-error\" required><\/div>\t\t<div id=\"wpforms-27556-field_3-container\"\n\t\t\tclass=\"wpforms-field wpforms-field-text\"\n\t\t\tdata-field-type=\"text\"\n\t\t\tdata-field-id=\"3\"\n\t\t\t>\n\t\t\t<label class=\"wpforms-field-label\" for=\"wpforms-27556-field_3\" >Confirm no. Phone<\/label>\n\t\t\t<input type=\"text\" id=\"wpforms-27556-field_3\" class=\"wpforms-field-medium\" name=\"wpforms[fields][3]\" >\n\t\t<\/div>\n\t\t<div id=\"wpforms-27556-field_4-container\" class=\"wpforms-field wpforms-field-phone\" data-field-type=\"phone\" data-field-id=\"4\"><label class=\"wpforms-field-label\" for=\"wpforms-27556-field_4\">Phone no. <span class=\"wpforms-required-label\" aria-hidden=\"true\">*<\/span><\/label><input type=\"tel\" id=\"wpforms-27556-field_4\" class=\"wpforms-field-large wpforms-field-required\" data-rule-int-phone-field=\"true\" name=\"wpforms[fields][4]\" aria-label=\"Phone no.\" aria-errormessage=\"wpforms-27556-field_4-error\" required><\/div><div id=\"wpforms-27556-field_5-container\" class=\"wpforms-field wpforms-field-checkbox\" data-field-type=\"checkbox\" data-field-id=\"5\"><fieldset><legend class=\"wpforms-field-label wpforms-label-hide\" aria-hidden=\"false\">Confirm <span class=\"wpforms-required-label\" aria-hidden=\"true\">*<\/span><\/legend><ul id=\"wpforms-27556-field_5\" class=\"wpforms-field-required\"><li class=\"choice-1 depth-1\"><input type=\"checkbox\" id=\"wpforms-27556-field_5_1\" name=\"wpforms[fields][5][]\" value=\"Yes please! I wish to participate in the competition and hereby confirm the following conditions. \" aria-errormessage=\"wpforms-27556-field_5_1-error\" aria-describedby=\"wpforms-27556-field_5-description\" required ><label class=\"wpforms-field-label-inline\" for=\"wpforms-27556-field_5_1\">Yes please! I wish to participate in the competition and hereby confirm the following conditions.<\/label><\/li><\/ul><div id=\"wpforms-27556-field_5-description\" class=\"wpforms-field-description\">By participating in the competition, you consent to Aeven contacting you by email and\/or telephone for the purpose of following up on your participation and marketing our products and services.\nYou can withdraw your consent at any time by contacting us or via the unsubscribe link in our communications. Withdrawal does not affect the legality of the processing that took place before the withdrawal.\nRead more about how we process your personal data in our <a href=\"https:\/\/www.aevengroup.com\/da\/persondatameddelelse\/\">Privacy Policy here<\/a>. <\/div><\/fieldset><\/div><script>\n\t\t\t\t( function() {\n\t\t\t\t\tconst style = document.createElement( 'style' );\n\t\t\t\t\tstyle.appendChild( document.createTextNode( '#wpforms-27556-field_3-container { position: absolute !important; overflow: hidden !important; display: inline !important; height: 1px !important; width: 1px !important; z-index: -1000 !important; padding: 0 !important; } #wpforms-27556-field_3-container input { visibility: hidden; } #wpforms-conversational-form-page #wpforms-27556-field_3-container label { counter-increment: none; }' ) );\n\t\t\t\t\tdocument.head.appendChild( style );\n\t\t\t\t\tdocument.currentScript?.remove();\n\t\t\t\t} )();\n\t\t\t<\/script><\/div><!-- .wpforms-field-container --><div class=\"wpforms-submit-container\" ><input type=\"hidden\" name=\"wpforms[id]\" value=\"27556\"><input type=\"hidden\" name=\"page_title\" value=\"\"><input type=\"hidden\" name=\"page_url\" value=\"https:\/\/fday.dk\/en\/wp-json\/wp\/v2\/pages\/27552\"><input type=\"hidden\" name=\"url_referer\" value=\"\"><button type=\"submit\" name=\"wpforms[submit]\" id=\"wpforms-submit-27556\" class=\"wpforms-submit\" data-alt-text=\"Sender....\" data-submit-text=\"Join us\" aria-live=\"assertive\" value=\"wpforms-submit\">Join us<\/button><img decoding=\"async\" src=\"https:\/\/fday.dk\/wp-content\/plugins\/wpforms\/assets\/images\/submit-spin.svg\" class=\"wpforms-submit-spinner\" style=\"display: none;\" width=\"26\" height=\"26\" alt=\"Loading\"><\/div><\/form><\/div>  <!-- .wpforms-container -->\t\t\t\t<\/div>\n\t\t\t\t<\/div>\n\t\t\t\t\t<\/div>\n\t\t\t\t<\/div>\n\t\t\t\t<\/div>\n\t\t","protected":false},"excerpt":{"rendered":"<p>Enter the competition for a spa stay for two at Marienlyst Seafront Hotel or Vejlefjord Hotel &amp; Spa Please enable JavaScript in your browser to complete this form.Please enable JavaScript in your browser to complete this form.Navn *E-mail * Navn Bekr\u00e6ft nr. Telefon nr. * Bekr\u00e6ft * Ja tak! Jeg \u00f8nsker at deltage i konkurrencen [&hellip;]<\/p>\n","protected":false},"author":2,"featured_media":0,"parent":0,"menu_order":0,"comment_status":"closed","ping_status":"closed","template":"elementor_canvas","meta":{"_acf_changed":false,"inline_featured_image":false,"footnotes":""},"page-cats":[],"class_list":["post-27552","page","type-page","status-publish","hentry"],"acf":[],"yoast_head":"<!-- This site is optimized with the Yoast SEO plugin v27.4 - https:\/\/yoast.com\/product\/yoast-seo-wordpress\/ -->\n<title>Aeven - FRIDAY P\/S<\/title>\n<meta name=\"robots\" content=\"noindex, nofollow\" \/>\n<meta property=\"og:locale\" content=\"en_US\" \/>\n<meta property=\"og:type\" content=\"article\" \/>\n<meta property=\"og:title\" content=\"Aeven - FRIDAY P\/S\" \/>\n<meta property=\"og:description\" content=\"Enter the competition for a spa stay for two at Marienlyst Seafront Hotel or Vejlefjord Hotel &amp; Spa Please enable JavaScript in your browser to complete this form.Please enable JavaScript in your browser to complete this form.Navn *E-mail * Navn Bekr\u00e6ft nr. Telefon nr. * Bekr\u00e6ft * Ja tak! Jeg \u00f8nsker at deltage i konkurrencen [&hellip;]\" \/>\n<meta property=\"og:url\" content=\"https:\/\/fday.dk\/en\/aeven\/\" \/>\n<meta property=\"og:site_name\" content=\"FRIDAY P\/S\" \/>\n<meta property=\"article:modified_time\" content=\"2026-04-24T11:42:32+00:00\" \/>\n<meta property=\"og:image\" content=\"https:\/\/fday.dk\/wp-content\/uploads\/2026\/04\/aeven-logo-Tagline_RGB_Bronze-Green.png\" \/>\n\t<meta property=\"og:image:width\" content=\"2363\" \/>\n\t<meta property=\"og:image:height\" content=\"1182\" \/>\n\t<meta property=\"og:image:type\" content=\"image\/png\" \/>\n<meta name=\"twitter:card\" content=\"summary_large_image\" \/>\n<meta name=\"twitter:label1\" content=\"Est. reading time\" \/>\n\t<meta name=\"twitter:data1\" content=\"1 minute\" \/>\n<script type=\"application\/ld+json\" class=\"yoast-schema-graph\">{\"@context\":\"https:\\\/\\\/schema.org\",\"@graph\":[{\"@type\":\"WebPage\",\"@id\":\"https:\\\/\\\/fday.dk\\\/en\\\/aeven\\\/\",\"url\":\"https:\\\/\\\/fday.dk\\\/en\\\/aeven\\\/\",\"name\":\"Aeven - FRIDAY P\\\/S\",\"isPartOf\":{\"@id\":\"https:\\\/\\\/fday.dk\\\/en\\\/#website\"},\"primaryImageOfPage\":{\"@id\":\"https:\\\/\\\/fday.dk\\\/en\\\/aeven\\\/#primaryimage\"},\"image\":{\"@id\":\"https:\\\/\\\/fday.dk\\\/en\\\/aeven\\\/#primaryimage\"},\"thumbnailUrl\":\"https:\\\/\\\/fday.dk\\\/wp-content\\\/uploads\\\/2026\\\/04\\\/aeven-logo-Tagline_RGB_Bronze-Green.png\",\"datePublished\":\"2026-04-23T10:24:40+00:00\",\"dateModified\":\"2026-04-24T11:42:32+00:00\",\"breadcrumb\":{\"@id\":\"https:\\\/\\\/fday.dk\\\/en\\\/aeven\\\/#breadcrumb\"},\"inLanguage\":\"en-US\",\"potentialAction\":[{\"@type\":\"ReadAction\",\"target\":[\"https:\\\/\\\/fday.dk\\\/en\\\/aeven\\\/\"]}]},{\"@type\":\"ImageObject\",\"inLanguage\":\"en-US\",\"@id\":\"https:\\\/\\\/fday.dk\\\/en\\\/aeven\\\/#primaryimage\",\"url\":\"https:\\\/\\\/fday.dk\\\/wp-content\\\/uploads\\\/2026\\\/04\\\/aeven-logo-Tagline_RGB_Bronze-Green.png\",\"contentUrl\":\"https:\\\/\\\/fday.dk\\\/wp-content\\\/uploads\\\/2026\\\/04\\\/aeven-logo-Tagline_RGB_Bronze-Green.png\"},{\"@type\":\"BreadcrumbList\",\"@id\":\"https:\\\/\\\/fday.dk\\\/en\\\/aeven\\\/#breadcrumb\",\"itemListElement\":[{\"@type\":\"ListItem\",\"position\":1,\"name\":\"Home\",\"item\":\"https:\\\/\\\/fday.dk\\\/en\\\/home\\\/\"},{\"@type\":\"ListItem\",\"position\":2,\"name\":\"Aeven\"}]},{\"@type\":\"WebSite\",\"@id\":\"https:\\\/\\\/fday.dk\\\/en\\\/#website\",\"url\":\"https:\\\/\\\/fday.dk\\\/en\\\/\",\"name\":\"FRIDAY P\\\/S\",\"description\":\"Vi er betroede r\u00e5dgivere for virksomheder og organisationer.\",\"publisher\":{\"@id\":\"https:\\\/\\\/fday.dk\\\/en\\\/#organization\"},\"potentialAction\":[{\"@type\":\"SearchAction\",\"target\":{\"@type\":\"EntryPoint\",\"urlTemplate\":\"https:\\\/\\\/fday.dk\\\/en\\\/?s={search_term_string}\"},\"query-input\":{\"@type\":\"PropertyValueSpecification\",\"valueRequired\":true,\"valueName\":\"search_term_string\"}}],\"inLanguage\":\"en-US\"},{\"@type\":\"Organization\",\"@id\":\"https:\\\/\\\/fday.dk\\\/en\\\/#organization\",\"name\":\"FRIDAY P\\\/S\",\"alternateName\":\"FRIDAY\",\"url\":\"https:\\\/\\\/fday.dk\\\/en\\\/\",\"logo\":{\"@type\":\"ImageObject\",\"inLanguage\":\"en-US\",\"@id\":\"https:\\\/\\\/fday.dk\\\/en\\\/#\\\/schema\\\/logo\\\/image\\\/\",\"url\":\"https:\\\/\\\/fday.dk\\\/wp-content\\\/uploads\\\/2023\\\/03\\\/fday-logo-red.svg\",\"contentUrl\":\"https:\\\/\\\/fday.dk\\\/wp-content\\\/uploads\\\/2023\\\/03\\\/fday-logo-red.svg\",\"width\":792,\"height\":134,\"caption\":\"FRIDAY P\\\/S\"},\"image\":{\"@id\":\"https:\\\/\\\/fday.dk\\\/en\\\/#\\\/schema\\\/logo\\\/image\\\/\"},\"sameAs\":[\"https:\\\/\\\/www.linkedin.com\\\/company\\\/friday-&-partners\\\/\"]}]}<\/script>\n<!-- \/ Yoast SEO plugin. -->","yoast_head_json":{"title":"Aeven - FRIDAY P\/S","robots":{"index":"noindex","follow":"nofollow"},"og_locale":"en_US","og_type":"article","og_title":"Aeven - FRIDAY P\/S","og_description":"Enter the competition for a spa stay for two at Marienlyst Seafront Hotel or Vejlefjord Hotel &amp; Spa Please enable JavaScript in your browser to complete this form.Please enable JavaScript in your browser to complete this form.Navn *E-mail * Navn Bekr\u00e6ft nr. Telefon nr. * Bekr\u00e6ft * Ja tak! Jeg \u00f8nsker at deltage i konkurrencen [&hellip;]","og_url":"https:\/\/fday.dk\/en\/aeven\/","og_site_name":"FRIDAY P\/S","article_modified_time":"2026-04-24T11:42:32+00:00","og_image":[{"width":2363,"height":1182,"url":"https:\/\/fday.dk\/wp-content\/uploads\/2026\/04\/aeven-logo-Tagline_RGB_Bronze-Green.png","type":"image\/png"}],"twitter_card":"summary_large_image","twitter_misc":{"Est. reading time":"1 minute"},"schema":{"@context":"https:\/\/schema.org","@graph":[{"@type":"WebPage","@id":"https:\/\/fday.dk\/en\/aeven\/","url":"https:\/\/fday.dk\/en\/aeven\/","name":"Aeven - FRIDAY P\/S","isPartOf":{"@id":"https:\/\/fday.dk\/en\/#website"},"primaryImageOfPage":{"@id":"https:\/\/fday.dk\/en\/aeven\/#primaryimage"},"image":{"@id":"https:\/\/fday.dk\/en\/aeven\/#primaryimage"},"thumbnailUrl":"https:\/\/fday.dk\/wp-content\/uploads\/2026\/04\/aeven-logo-Tagline_RGB_Bronze-Green.png","datePublished":"2026-04-23T10:24:40+00:00","dateModified":"2026-04-24T11:42:32+00:00","breadcrumb":{"@id":"https:\/\/fday.dk\/en\/aeven\/#breadcrumb"},"inLanguage":"en-US","potentialAction":[{"@type":"ReadAction","target":["https:\/\/fday.dk\/en\/aeven\/"]}]},{"@type":"ImageObject","inLanguage":"en-US","@id":"https:\/\/fday.dk\/en\/aeven\/#primaryimage","url":"https:\/\/fday.dk\/wp-content\/uploads\/2026\/04\/aeven-logo-Tagline_RGB_Bronze-Green.png","contentUrl":"https:\/\/fday.dk\/wp-content\/uploads\/2026\/04\/aeven-logo-Tagline_RGB_Bronze-Green.png"},{"@type":"BreadcrumbList","@id":"https:\/\/fday.dk\/en\/aeven\/#breadcrumb","itemListElement":[{"@type":"ListItem","position":1,"name":"Home","item":"https:\/\/fday.dk\/en\/home\/"},{"@type":"ListItem","position":2,"name":"Aeven"}]},{"@type":"WebSite","@id":"https:\/\/fday.dk\/en\/#website","url":"https:\/\/fday.dk\/en\/","name":"FRIDAY P\/S","description":"Vi er betroede r\u00e5dgivere for virksomheder og organisationer.","publisher":{"@id":"https:\/\/fday.dk\/en\/#organization"},"potentialAction":[{"@type":"SearchAction","target":{"@type":"EntryPoint","urlTemplate":"https:\/\/fday.dk\/en\/?s={search_term_string}"},"query-input":{"@type":"PropertyValueSpecification","valueRequired":true,"valueName":"search_term_string"}}],"inLanguage":"en-US"},{"@type":"Organization","@id":"https:\/\/fday.dk\/en\/#organization","name":"FRIDAY P\/S","alternateName":"FRIDAY","url":"https:\/\/fday.dk\/en\/","logo":{"@type":"ImageObject","inLanguage":"en-US","@id":"https:\/\/fday.dk\/en\/#\/schema\/logo\/image\/","url":"https:\/\/fday.dk\/wp-content\/uploads\/2023\/03\/fday-logo-red.svg","contentUrl":"https:\/\/fday.dk\/wp-content\/uploads\/2023\/03\/fday-logo-red.svg","width":792,"height":134,"caption":"FRIDAY P\/S"},"image":{"@id":"https:\/\/fday.dk\/en\/#\/schema\/logo\/image\/"},"sameAs":["https:\/\/www.linkedin.com\/company\/friday-&-partners\/"]}]}},"publishpress_future_action":{"enabled":false,"date":"2026-05-05 09:53:14","action":"change-status","newStatus":"draft","terms":[],"taxonomy":"language","extraData":[]},"publishpress_future_workflow_manual_trigger":{"enabledWorkflows":[]},"_links":{"self":[{"href":"https:\/\/fday.dk\/en\/wp-json\/wp\/v2\/pages\/27552","targetHints":{"allow":["GET"]}}],"collection":[{"href":"https:\/\/fday.dk\/en\/wp-json\/wp\/v2\/pages"}],"about":[{"href":"https:\/\/fday.dk\/en\/wp-json\/wp\/v2\/types\/page"}],"author":[{"embeddable":true,"href":"https:\/\/fday.dk\/en\/wp-json\/wp\/v2\/users\/2"}],"replies":[{"embeddable":true,"href":"https:\/\/fday.dk\/en\/wp-json\/wp\/v2\/comments?post=27552"}],"version-history":[{"count":0,"href":"https:\/\/fday.dk\/en\/wp-json\/wp\/v2\/pages\/27552\/revisions"}],"wp:attachment":[{"href":"https:\/\/fday.dk\/en\/wp-json\/wp\/v2\/media?parent=27552"}],"wp:term":[{"taxonomy":"page-cats","embeddable":true,"href":"https:\/\/fday.dk\/en\/wp-json\/wp\/v2\/page-cats?post=27552"}],"curies":[{"name":"wp","href":"https:\/\/api.w.org\/{rel}","templated":true}]}}